{"id":22866,"date":"2022-06-23T16:52:19","date_gmt":"2022-06-23T20:52:19","guid":{"rendered":"http:\/\/lynnecardinal.com\/about-lynne\/"},"modified":"2025-10-28T10:05:45","modified_gmt":"2025-10-28T14:05:45","slug":"a-propos-de-lynne","status":"publish","type":"page","link":"https:\/\/lynnecardinal.com\/fr\/a-propos-de-lynne\/","title":{"rendered":"\u00c0 propos de Lynne"},"content":{"rendered":"\n<h2>\n\t\t\u00c0 propos de Lynne\n\t<\/h2>\n\t<blockquote><p>Les sessions que Lynne offre ne portent pas seulement sur le pr\u00e9sent, ni sur la r\u00e9solution d&rsquo;une situation particuli\u00e8re. J&rsquo;ai acquis par l&rsquo;entremise de mes sessions des comp\u00e9tences nouvelles et des techniques qui demeurent en moi et que j&rsquo;applique dans ma vie quotidienne. Ceci accro\u00eet non seulement le processus de gu\u00e9rison, mais m&rsquo;a permis \u00e9galement de ressentir que j&rsquo;ai la force de g\u00e9rer les nombreux d\u00e9fis que la vie peut nous lancer.\u00a0\u00bb &#8211; Teresa<\/p><\/blockquote>\n\t<p><img loading=\"lazy\" decoding=\"async\" src=\"http:\/\/lynnecardinal.com\/wp-content\/uploads\/2022\/08\/lynne-cardinal-about-us.jpg\" alt=\"\" width=\"300\" height=\"300\" \/>Lynne Cardinal est auteure, guide spirituel et coach dans le domaine du bien-\u00eatre et de la transformation personnelle depuis plus de trente ans. Certifi\u00e9e en naturoth\u00e9rapie et membre de l&rsquo;ANQ, elle accompagne les personnes vers une vie plus \u00e9quilibr\u00e9e et \u00e9panouie \u00e0 l&rsquo;aide de diverses approches adapt\u00e9es \u00e0 leurs besoins. Elle offre \u00e9galement des ateliers, des conf\u00e9rences et des consultations priv\u00e9es sur des th\u00e8mes tels que la gestion du stress, la communication consciente, le bien-\u00eatre, la relaxation et la m\u00e9ditation, au Canada, aux \u00c9tats-Unis, en Europe et en Inde.<br data-start=\"687\" data-end=\"690\" \/>Lynne a \u00e9tudi\u00e9 en profondeur le travail de gu\u00e9rison des traumatismes individuels et collectifs. Elle est aussi certifi\u00e9e en techniques d&rsquo;hypnose pour l&rsquo;auto-assistance et adh\u00e8re au code de d\u00e9ontologie ainsi qu&rsquo;aux normes de pratique de la NGH.<\/p>\nLynne Cardinal a v\u00e9cu en Inde pendant quinze ans pour \u00e9tudier et enseigner le sanskrit et la philosophie. Elle y a obtenu un doctorat (alternatif) en philosophie orientale. Auteure publi\u00e9e et conf\u00e9renci\u00e8re, elle a produit un CD de m\u00e9ditation guid\u00e9e, un CD de musique et plusieurs trousses d&rsquo;apprentissage. Elle est \u00e9galement l&rsquo;auteure du livre <strong data-start=\"634\" data-end=\"660\">L&rsquo;art de la m\u00e9ditation<\/strong>. Elle a publi\u00e9 son second livre:<a href=\"https:\/\/a.co\/d\/9Bjw3Dm\"> Awakening on the Path of Wisdom<\/a> en 2025, et cet excellent livre est disponible sur Amazon.ca. Vous pouvez en lire un extrait ainsi que d&rsquo;y voir des commentaires<a href=\"https:\/\/a.co\/d\/9Bjw3Dm\"> ici.\u00a0<\/a>\nLynne a \u00e9t\u00e9 r\u00e9dactrice pour <em data-start=\"693\" data-end=\"708\">Yoga Magazine<\/em> (le principal magazine mensuel de yoga au Royaume-Uni) et a publi\u00e9 de nombreux articles sur la m\u00e9ditation et l&rsquo;hypnose dans <em data-start=\"833\" data-end=\"848\">Tone Magazine<\/em> depuis 1998, ainsi que dans <em data-start=\"877\" data-end=\"890\">Cheminement<\/em>, <em data-start=\"892\" data-end=\"909\">Vitalit\u00e9 Qu\u00e9bec<\/em>, <em data-start=\"911\" data-end=\"930\">Health&rsquo;n Vitality<\/em>, <em data-start=\"932\" data-end=\"951\">Vitality Magazine<\/em>, <em data-start=\"953\" data-end=\"977\">The West End Chronicle<\/em> et plusieurs autres publications de la r\u00e9gion d&rsquo;Ottawa.\nElle a \u00e9t\u00e9 invit\u00e9e \u00e0 la radio fran\u00e7aise et anglaise de CBC, CFRA et CBC Winnipeg, et a donn\u00e9 des conf\u00e9rences ainsi que des s\u00e9ances de d\u00e9dicace dans les salons du livre de Hull, Trois-Rivi\u00e8res, Qu\u00e9bec et Montr\u00e9al. De plus, elle a offert treize chroniques t\u00e9l\u00e9vis\u00e9es en fran\u00e7ais sur la m\u00e9ditation pour Rogers TV.\nLynne a compl\u00e9t\u00e9 un atelier d&rsquo;une journ\u00e9e offert par l&rsquo;Institut de cardiologie de l&rsquo;Universit\u00e9 d&rsquo;Ottawa sur l&rsquo;exercice <em data-start=\"1470\" data-end=\"1482\">Heart Wise<\/em>, portant sur l&rsquo;accompagnement des personnes atteintes de maladies cardiaques. Elle a \u00e9galement suivi le cours <em data-start=\"1593\" data-end=\"1625\">Integral Coaching Fundamentals<\/em> (3 jours) et plus de cinq ann\u00e9es de formations avanc\u00e9es en communication transparente avec Thomas H\u00fcbl, ainsi qu&rsquo;une formation avec Diane Hamilton, m\u00e9diatrice et facilitatrice reconnue en r\u00e9solution de conflits.\nDe 2008 \u00e0 2013, elle a \u00e9t\u00e9 b\u00e9n\u00e9vole en soins palliatifs avec <em data-start=\"1902\" data-end=\"1929\">Friends of Hospice Ottawa<\/em>. Elle est praticienne certifi\u00e9e en PNL (2013), form\u00e9e aux techniques de r\u00e9gression avec le Dr Brian Weiss (2014), et a \u00e9tudi\u00e9 le <em data-start=\"2059\" data-end=\"2082\">Womb Surround Process<\/em> sur le traumatisme infantile avec Myrna Martin (2019).\nCertifi\u00e9e en EFT (2019), Lynne est \u00e9galement naturoth\u00e9rapeute agr\u00e9\u00e9e par l&rsquo;association Hormonal Sant\u00e9. Elle est certifi\u00e9e en hypnose et membre de la <em data-start=\"2290\" data-end=\"2320\">National Guild of Hypnotists<\/em> (NGH), suivant son code de d\u00e9ontologie et ses normes de pratique. Elle d\u00e9tient en outre des certifications en techniques d&rsquo;hypnose innovatrices et en th\u00e9rapie de r\u00e9gression dans les vies ant\u00e9rieures avec le Dr Brian Weiss.\nAvant de se consacrer enti\u00e8rement \u00e0 sa vocation spirituelle, Lynne a \u00e9t\u00e9 directrice des ventes pour la r\u00e9gion de l&rsquo;Est du Canada chez <em data-start=\"2681\" data-end=\"2705\">Tallgrass Technologies<\/em>, \u00e0 Montr\u00e9al, au d\u00e9but des ann\u00e9es 1980. Apr\u00e8s trois ann\u00e9es fructueuses, elle a choisi de retourner en Inde afin d&rsquo;approfondir ses \u00e9tudes spirituelles et son d\u00e9veloppement personnel.\n<p>&nbsp;<\/p>\n<h2>\n\t\tServices\n\t<\/h2>\n\t\t<ul>\n\t\t\t\t\t<li>\n\t\t\t\t\t\t\t\t\t\t\t<img loading=\"lazy\" decoding=\"async\" src=\"http:\/\/lynnecardinal.com\/wp-content\/uploads\/2022\/08\/lynne-cardinal-ottawa-icon-32x32-2.png\" alt=\"lynne-cardinal-ottawa-icon-32&#215;32\" width=\"32\" height=\"32\" \/>\n\t\t\t\t\t<a href=\"\/fr\/services\/la-gestion-du-stress\/\" target=\"_self\">\n\t\t\t\t<h3>Gestion du stress<\/h3>\n\t\t\t\t\t<\/a>\n\t\t<p>Apprenez l&rsquo;art de vivre une vie \u00e9quilibr\u00e9e et \u00e9panouie.<\/p>\t\t\t\n\t\t\t<\/li>\n\t\t\t\t\t<li>\n\t\t\t\t\t\t\t\t\t\t\t<img loading=\"lazy\" decoding=\"async\" src=\"http:\/\/lynnecardinal.com\/wp-content\/uploads\/2022\/08\/lynne-cardinal-ottawa-icon-32x32-2.png\" alt=\"lynne-cardinal-ottawa-icon-32&#215;32\" width=\"32\" height=\"32\" \/>\n\t\t\t\t\t<a href=\"\/fr\/services\/coach-de-transformation\/\" target=\"_self\">\n\t\t\t\t<h3>Coach de transformation <\/h3>\n\t\t\t\t\t<\/a>\n\t\t<p>D\u00e9couvrez de nouvelles perspectives et des techniques utiles qui peuvent transformer votre vie.<\/p>\t\t\t\n\t\t\t<\/li>\n\t\t\t\t\t<li>\n\t\t\t\t\t\t\t\t\t\t\t<img loading=\"lazy\" decoding=\"async\" src=\"http:\/\/lynnecardinal.com\/wp-content\/uploads\/2022\/08\/lynne-cardinal-ottawa-icon-32x32-2.png\" alt=\"lynne-cardinal-ottawa-icon-32&#215;32\" width=\"32\" height=\"32\" \/>\n\t\t\t\t\t<a href=\"\/fr\/services\/hypnose\/\" target=\"_self\">\n\t\t\t\t<h3>L&rsquo;hypnose<\/h3>\n\t\t\t\t\t<\/a>\n\t\t<p>Des outils doux pour aider \u00e0 reprendre le contr\u00f4le. Les r\u00e9sultats sont rapides et durables.<\/p>\t\t\t\n\t\t\t<\/li>\n\t\t\t\t\t<li>\n\t\t\t\t\t\t\t\t\t\t\t<img loading=\"lazy\" decoding=\"async\" src=\"http:\/\/lynnecardinal.com\/wp-content\/uploads\/2022\/08\/lynne-cardinal-ottawa-icon-32x32-2.png\" alt=\"lynne-cardinal-ottawa-icon-32&#215;32\" width=\"32\" height=\"32\" \/>\n\t\t\t\t\t<a href=\"\/fr\/services\/meditation\/\" target=\"_self\">\n\t\t\t\t<h3>M\u00e9ditation<\/h3>\n\t\t\t\t\t<\/a>\n\t\t<p>La m\u00e9ditation en toute simplicit\u00e9. La m\u00e9ditation est un moyen tr\u00e8s puissant et efficace d&rsquo;\u00e9quilibrer nos vies et de transformer notre esprit, qui \u00e9tait peu clair et hyperactif, en un esprit clair, perspicace et plus positif.<\/p>\t\t\t\n\t\t\t<\/li>\n\t\t\t\t<\/ul>\n\t<h2>ANQ<\/h2>\n<p>Lynne Cardinal est membre de <a href=\"https:\/\/www.anqnaturo.ca\/en\" target=\"_blank\" rel=\"noopener\">L&rsquo;Association des Naturoth\u00e9rapeutes du Qu\u00e9bec<\/a>. Nous pouvons vous fournir des re\u00e7us accept\u00e9s par la plupart des compagnies d&rsquo;assurance.<\/p>\n\n","protected":false},"excerpt":{"rendered":"<p>\u00c0 propos de Lynne Les sessions que Lynne offre ne portent pas seulement sur le pr\u00e9sent, ni sur la r\u00e9solution d&rsquo;une situation particuli\u00e8re. J&rsquo;ai acquis par l&rsquo;entremise de mes sessions des comp\u00e9tences nouvelles et des techniques qui demeurent en moi et que j&rsquo;applique dans ma vie quotidienne. Ceci accro\u00eet non seulement le processus de gu\u00e9rison,&hellip;<\/p>\n","protected":false},"author":3,"featured_media":0,"parent":0,"menu_order":0,"comment_status":"closed","ping_status":"closed","template":"","meta":{"footnotes":""},"class_list":["post-22866","page","type-page","status-publish","hentry"],"_links":{"self":[{"href":"https:\/\/lynnecardinal.com\/fr\/wp-json\/wp\/v2\/pages\/22866","targetHints":{"allow":["GET"]}}],"collection":[{"href":"https:\/\/lynnecardinal.com\/fr\/wp-json\/wp\/v2\/pages"}],"about":[{"href":"https:\/\/lynnecardinal.com\/fr\/wp-json\/wp\/v2\/types\/page"}],"author":[{"embeddable":true,"href":"https:\/\/lynnecardinal.com\/fr\/wp-json\/wp\/v2\/users\/3"}],"replies":[{"embeddable":true,"href":"https:\/\/lynnecardinal.com\/fr\/wp-json\/wp\/v2\/comments?post=22866"}],"version-history":[{"count":4,"href":"https:\/\/lynnecardinal.com\/fr\/wp-json\/wp\/v2\/pages\/22866\/revisions"}],"predecessor-version":[{"id":23389,"href":"https:\/\/lynnecardinal.com\/fr\/wp-json\/wp\/v2\/pages\/22866\/revisions\/23389"}],"wp:attachment":[{"href":"https:\/\/lynnecardinal.com\/fr\/wp-json\/wp\/v2\/media?parent=22866"}],"curies":[{"name":"wp","href":"https:\/\/api.w.org\/{rel}","templated":true}]}}