{"id":22944,"date":"2022-08-17T13:19:49","date_gmt":"2022-08-17T17:19:49","guid":{"rendered":"http:\/\/lynnecardinal.com\/newsletter\/"},"modified":"2022-09-09T07:41:44","modified_gmt":"2022-09-09T11:41:44","slug":"newsletter","status":"publish","type":"page","link":"https:\/\/lynnecardinal.com\/fr\/newsletter\/","title":{"rendered":"Bulletin"},"content":{"rendered":"\n<h2>\n\t\tInscrivez-moi au bulletin d&rsquo;information de Lynne Cardinal\n\t<\/h2>\n<h2>\n\t\tServices\n\t<\/h2>\n\t\t<ul>\n\t\t\t\t\t<li>\n\t\t\t\t\t\t\t\t\t\t\t<img decoding=\"async\" src=\"http:\/\/lynnecardinal.com\/wp-content\/uploads\/2022\/08\/lynne-cardinal-ottawa-icon-32x32-2.png\" alt=\"lynne-cardinal-ottawa-icon-32\u00d732\">\n\t\t\t\t\t<a href=\"\/fr\/services\/la-gestion-du-stress\/\" target=\"_self\" rel=\"noopener\">\n\t\t\t\t<h3>La gestion du stress<\/h3>\n\t\t\t\t\t<\/a>\n\t\t<p>Apprenez l&rsquo;art de vivre une vie \u00e9quilibr\u00e9e et \u00e9panouie.<\/p>\t\t\t\n\t\t\t<\/li>\n\t\t\t\t\t<li>\n\t\t\t\t\t\t\t\t\t\t\t<img decoding=\"async\" src=\"http:\/\/lynnecardinal.com\/wp-content\/uploads\/2022\/08\/lynne-cardinal-ottawa-icon-32x32-2.png\" alt=\"lynne-cardinal-ottawa-icon-32\u00d732\">\n\t\t\t\t\t<a href=\"\/fr\/services\/coach-de-transformation\/\" target=\"_self\" rel=\"noopener\">\n\t\t\t\t<h3>Coach de transformation <\/h3>\n\t\t\t\t\t<\/a>\n\t\t<p>D\u00e9couvrez de nouvelles perspectives et des techniques utiles qui peuvent transformer votre vie.<\/p>\t\t\t\n\t\t\t<\/li>\n\t\t\t\t\t<li>\n\t\t\t\t\t\t\t\t\t\t\t<img decoding=\"async\" src=\"http:\/\/lynnecardinal.com\/wp-content\/uploads\/2022\/08\/lynne-cardinal-ottawa-icon-32x32-2.png\" alt=\"lynne-cardinal-ottawa-icon-32\u00d732\">\n\t\t\t\t\t<a href=\"\/fr\/services\/hypnose\/\" target=\"_self\" rel=\"noopener\">\n\t\t\t\t<h3>L&rsquo;hypnose<\/h3>\n\t\t\t\t\t<\/a>\n\t\t<p>Des outils doux pour aider \u00e0 reprendre le contr\u00f4le. Les r\u00e9sultats sont rapides et durables.<\/p>\t\t\t\n\t\t\t<\/li>\n\t\t\t\t\t<li>\n\t\t\t\t\t\t\t\t\t\t\t<img decoding=\"async\" src=\"http:\/\/lynnecardinal.com\/wp-content\/uploads\/2022\/08\/lynne-cardinal-ottawa-icon-32x32-2.png\" alt=\"lynne-cardinal-ottawa-icon-32\u00d732\">\n\t\t\t\t\t<a href=\"\/fr\/services\/meditation\/\" target=\"_self\" rel=\"noopener\">\n\t\t\t\t<h3>Meditation<\/h3>\n\t\t\t\t\t<\/a>\n\t\t<p>La m\u00e9ditation en toute simplicit\u00e9. La m\u00e9ditation est un moyen tr\u00e8s puissant et efficace d&rsquo;\u00e9quilibrer nos vies et de transformer notre esprit, qui \u00e9tait peu clair et hyperactif, en un esprit clair, perspicace et plus positif.<\/p>\t\t\t\n\t\t\t<\/li>\n\t\t\t\t<\/ul>\n\t<h2>ANQ<\/h2>\n<p>Lynne Cardinal est membre de <a href=\"https:\/\/www.anqnaturo.ca\/en\" target=\"_blank\" rel=\"noopener\">l&rsquo;Association des Naturotherpistes du Qu\u00e9bec<\/a>. Nous pouvons vous fournir des re\u00e7us accept\u00e9s par la plupart des compagnies d&rsquo;assurance.<\/p>\n","protected":false},"excerpt":{"rendered":"<p>Inscrivez-moi au bulletin d&rsquo;information de Lynne Cardinal Services La gestion du stress Apprenez l&rsquo;art de vivre une vie \u00e9quilibr\u00e9e et \u00e9panouie. Coach de transformation D\u00e9couvrez de nouvelles perspectives et des techniques utiles qui peuvent transformer votre vie. L&rsquo;hypnose Des outils doux pour aider \u00e0 reprendre le contr\u00f4le. Les r\u00e9sultats sont rapides et durables. Meditation La&hellip;<\/p>\n","protected":false},"author":3,"featured_media":0,"parent":0,"menu_order":0,"comment_status":"closed","ping_status":"closed","template":"","meta":{"footnotes":""},"class_list":["post-22944","page","type-page","status-publish","hentry"],"_links":{"self":[{"href":"https:\/\/lynnecardinal.com\/fr\/wp-json\/wp\/v2\/pages\/22944","targetHints":{"allow":["GET"]}}],"collection":[{"href":"https:\/\/lynnecardinal.com\/fr\/wp-json\/wp\/v2\/pages"}],"about":[{"href":"https:\/\/lynnecardinal.com\/fr\/wp-json\/wp\/v2\/types\/page"}],"author":[{"embeddable":true,"href":"https:\/\/lynnecardinal.com\/fr\/wp-json\/wp\/v2\/users\/3"}],"replies":[{"embeddable":true,"href":"https:\/\/lynnecardinal.com\/fr\/wp-json\/wp\/v2\/comments?post=22944"}],"version-history":[{"count":0,"href":"https:\/\/lynnecardinal.com\/fr\/wp-json\/wp\/v2\/pages\/22944\/revisions"}],"wp:attachment":[{"href":"https:\/\/lynnecardinal.com\/fr\/wp-json\/wp\/v2\/media?parent=22944"}],"curies":[{"name":"wp","href":"https:\/\/api.w.org\/{rel}","templated":true}]}}